{"id":1913,"date":"2022-02-25T18:51:38","date_gmt":"2022-02-25T18:51:38","guid":{"rendered":"https:\/\/www.theurgentcare.com\/?page_id=1913"},"modified":"2025-09-16T11:23:00","modified_gmt":"2025-09-16T16:23:00","slug":"about-us","status":"publish","type":"page","link":"https:\/\/www.theurgentcare.com\/es\/about-us\/","title":{"rendered":"QUI\u00c9NES SOMOS"},"content":{"rendered":"<div data-colibri-id=\"1913-c1\" class=\"style-381 style-local-1913-c1 position-relative\">\n  <!---->\n  <div data-colibri-component=\"section\" data-colibri-id=\"1913-c2\" id=\"about-2\" class=\"h-section h-section-global-spacing d-flex align-items-lg-center align-items-md-center align-items-center style-2385 style-local-1913-c2 position-relative\">\n    <!---->\n    <!---->\n    <div class=\"h-section-grid-container h-section-boxed-container\">\n      <!---->\n      <div data-colibri-id=\"1913-c3\" class=\"h-row-container gutters-row-lg-1 gutters-row-md-1 gutters-row-0 gutters-row-v-lg-1 gutters-row-v-md-1 gutters-row-v-1 style-2386 style-local-1913-c3 position-relative\">\n        <!---->\n        <div class=\"h-row justify-content-lg-center justify-content-md-center justify-content-center align-items-lg-stretch align-items-md-stretch align-items-stretch gutters-col-lg-1 gutters-col-md-1 gutters-col-0 gutters-col-v-lg-1 gutters-col-v-md-1 gutters-col-v-1\">\n          <!---->\n          <div class=\"h-column h-column-container d-flex h-col-lg-auto h-col-md-auto h-col-auto style-2387-outer style-local-1913-c4-outer\">\n            <div data-colibri-id=\"1913-c4\" class=\"d-flex h-flex-basis h-column__inner h-px-lg-0 h-px-md-0 h-px-0 v-inner-lg-0 v-inner-md-0 v-inner-0 style-2387 style-local-1913-c4 position-relative\">\n              <!---->\n              <!---->\n              <div class=\"w-100 h-y-container h-column__content h-column__v-align flex-basis-100 align-self-lg-start align-self-md-start align-self-start\">\n                <!---->\n                <div data-colibri-id=\"1913-c5\" class=\"style-2396 style-local-1913-c5 position-relative h-element\">\n                  <!---->\n                <\/div>\n                <div data-colibri-id=\"1913-c6\" class=\"h-global-transition-all h-heading style-2389 style-local-1913-c6 position-relative h-element\">\n                  <!---->\n                  <div class=\"h-heading__outer style-2389 style-local-1913-c6\">\n                    <!---->\n                    <!---->\n                    <h2 class=\"\"><strong style=\"font-size: 64%; font-weight: 600; font-family: Poppins;\">The Urgent Care<\/strong><\/h2>\n                  <\/div>\n                <\/div>\n                <div data-colibri-id=\"1913-c7\" class=\"h-text h-text-component style-2390 style-local-1913-c7 position-relative h-element\">\n                  <!---->\n                  <!---->\n                  <div class=\"\">\n                    <p><span style=\"color: rgb(2, 2, 2); font-family: Poppins;\">Establecida en 2004, The Urgent Care brinda los servicios y tratamientos m\u00e9dicos m\u00e1s avanzados e <\/span><span style=\"color: rgb(4, 4, 4); font-family: Poppins; font-size: 16px; font-weight: 400;\">integrales para todas las necesidades m\u00e9dicas urgentes. <\/span><\/p>\n                    <p><span style=\"color: rgb(2, 2, 2); font-family: Poppins;\">The Urgent Care has been serving the Southern Louisiana region for more than 21 years. Serving the communities in&nbsp;<\/span><span style=\"color: rgb(2, 2, 2); font-family: Poppins; font-size: 16px; font-weight: 400;\">New Orleans, Mid-City, Uptown, Gretna, Harvey, and LaPlace.&nbsp;<\/span><\/p>\n                    <p><span style=\"font-size: 16px; font-weight: 400; color: rgb(4, 4, 4); font-family: Poppins;\">\u200e\u200e\u200f\u200f\u200e \u200eNuestro personal calificado est\u00e1 totalmente dedicado y profundamente apasionado por la comodidad, las necesidades y el cuidado de nuestros pacientes. <\/span><\/p>\n                    <p><span style=\"font-size: 16px; font-weight: 400; color: rgb(4, 4, 4); font-family: Poppins;\">\u200e\u200e\u200f\u200f\u200e \u200eLo m\u00e1s importante es que creemos que nuestras comunidades merecen acceso a una atenci\u00f3n al paciente asequible, conveniente y de alta calidad.<\/span><\/p>\n                  <\/div>\n                <\/div>\n                <div data-colibri-id=\"1913-c8\" class=\"h-x-container style-2818 style-local-1913-c8 position-relative h-element\">\n                  <!---->\n                  <div class=\"h-x-container-inner style-dynamic-1913-c8-group style-2818-spacing style-local-1913-c8-spacing\"><span class=\"h-button__outer style-2530-outer style-local-1913-c9-outer d-inline-flex h-element\"><a h-use-smooth-scroll=\"true\" href=\"\/es\/schedule\/\"  data-colibri-id=\"1913-c9\" class=\"d-flex w-100 align-items-center h-button justify-content-lg-center justify-content-md-center justify-content-center style-2530 style-local-1913-c9 position-relative\"><!----><!----> <span>HAGA SU CITA<\/span><\/a>\n                    <\/span>\n                  <\/div>\n                <\/div>\n                <div data-colibri-id=\"1913-c10\" class=\"style-2395 style-local-1913-c10 position-relative h-element\">\n                  <!---->\n                <\/div>\n              <\/div>\n            <\/div>\n          <\/div>\n          <div class=\"h-column h-column-container d-flex h-col-lg-auto h-col-md-auto h-col-auto style-2391-outer style-local-1913-c11-outer\">\n            <div data-colibri-id=\"1913-c11\" class=\"d-flex h-flex-basis h-column__inner h-ui-empty-state-container h-px-lg-2 h-px-md-2 h-px-2 v-inner-lg-2 v-inner-md-2 v-inner-2 style-2391 style-local-1913-c11 position-relative\">\n              <!---->\n              <!---->\n              <div class=\"w-100 h-y-container h-column__content h-column__v-align flex-basis-100\">\n                <!---->\n              <\/div>\n            <\/div>\n          <\/div>\n        <\/div>\n      <\/div>\n    <\/div>\n  <\/div>\n  <div data-colibri-component=\"section\" data-colibri-id=\"1913-c12\" id=\"about\" class=\"h-section h-section-global-spacing d-flex align-items-lg-center align-items-md-center align-items-center style-387 style-local-1913-c12 position-relative\">\n    <!---->\n    <!---->\n    <div class=\"h-section-grid-container h-section-boxed-container\">\n      <!---->\n      <div data-colibri-id=\"1913-c13\" class=\"h-row-container gutters-row-lg-0 gutters-row-md-0 gutters-row-0 gutters-row-v-lg-0 gutters-row-v-md-0 gutters-row-v-0 style-388 style-local-1913-c13 position-relative\">\n        <!---->\n        <div class=\"h-row justify-content-lg-center justify-content-md-center justify-content-center align-items-lg-stretch align-items-md-stretch align-items-stretch gutters-col-lg-0 gutters-col-md-0 gutters-col-0 gutters-col-v-lg-0 gutters-col-v-md-0 gutters-col-v-0\">\n          <!---->\n          <div class=\"h-column h-column-container d-flex h-col-lg-auto h-col-md-auto h-col-auto style-389-outer style-local-1913-c14-outer\">\n            <div data-colibri-id=\"1913-c14\" class=\"d-flex h-flex-basis h-column__inner h-ui-empty-state-container h-px-lg-0 h-px-md-0 h-px-0 v-inner-lg-0 v-inner-md-0 v-inner-0 style-389 style-local-1913-c14 position-relative\">\n              <!---->\n              <!---->\n              <div class=\"w-100 h-y-container h-column__content h-column__v-align flex-basis-100\">\n                <!---->\n              <\/div>\n            <\/div>\n          <\/div>\n          <div class=\"h-column h-column-container d-flex h-col-lg-auto h-col-md-auto h-col-auto style-390-outer style-local-1913-c15-outer\">\n            <div data-colibri-id=\"1913-c15\" class=\"d-flex h-flex-basis h-column__inner h-px-lg-2 h-px-md-2 h-px-2 v-inner-lg-2 v-inner-md-2 v-inner-2 style-390 style-local-1913-c15 position-relative\">\n              <!---->\n              <!---->\n              <div class=\"w-100 h-y-container h-column__content h-column__v-align flex-basis-100 align-self-lg-start align-self-md-start align-self-start\">\n                <!---->\n                <div data-colibri-id=\"1913-c16\" class=\"h-global-transition-all h-heading style-392 style-local-1913-c16 position-relative h-element\">\n                  <!---->\n                  <div class=\"h-heading__outer style-392 style-local-1913-c16\">\n                    <!---->\n                    <!---->\n                    <h2 class=\"\"><span style=\"font-size: 64%; font-weight: 600;\">Declaraci\u00f3n de Misi\u00f3n<\/span><\/h2>\n                  <\/div>\n                <\/div>\n                <div data-colibri-id=\"1913-c17\" class=\"h-text h-text-component style-393 style-local-1913-c17 position-relative h-element\">\n                  <!---->\n                  <!---->\n                  <div class=\"\">\n                    <p>Nuestros valores est\u00e1n alineados con nuestra declaraci\u00f3n de misi\u00f3n: constituyen nuestra esencia. En The Urgent CARE, nos esforzamos por establecer un nuevo est\u00e1ndar en la medicina de atenci\u00f3n urgente para nuestra comunidad. Proporcionamos los servicios m\u00e9dicos m\u00e1s avanzados y completos para todas las necesidades m\u00e9dicas urgentes. Nuestro personal calificado est\u00e1 completamente dedicado y apasionado por el confort, las necesidades y el CUIDADO de nuestros pacientes. Lo m\u00e1s importante es que creemos que nuestras comunidades merecen acceso a un CUIDADO del paciente de calidad, conveniente y asequible.<\/p>\n                  <\/div>\n                <\/div>\n              <\/div>\n            <\/div>\n          <\/div>\n        <\/div>\n      <\/div>\n    <\/div>\n  <\/div>\n<\/div>","protected":false},"excerpt":{"rendered":"<p>The Urgent Care Established in 2004, The Urgent Care provides the most advanced, comprehensive medical services and treatments for all urgent medical needs. The Urgent Care has been serving the Southern Louisiana region for more than 21 years. Serving the communities in&nbsp;New Orleans, Mid-City, Uptown, Gretna, Harvey, and LaPlace.&nbsp; Our qualified staff is fully dedicated [&hellip;]<\/p>","protected":false},"author":2,"featured_media":0,"parent":0,"menu_order":0,"comment_status":"closed","ping_status":"closed","template":"page-templates\/full-width-page.php","meta":{"footnotes":""},"class_list":["post-1913","page","type-page","status-publish","hentry"],"aioseo_notices":[],"aioseo_head":"\n\t\t<!-- All in One SEO Pro 4.9.3 - aioseo.com -->\n\t<meta name=\"description\" content=\"The Urgent Care provides medical services and treatments. The Urgent Care has locations in New Orleans, Metairie, Gretna, Harvey, and LaPlace\" \/>\n\t<meta name=\"robots\" content=\"max-image-preview:large\" \/>\n\t<link rel=\"canonical\" href=\"https:\/\/www.theurgentcare.com\/es\/about-us\/\" \/>\n\t<meta name=\"generator\" content=\"All in One SEO Pro (AIOSEO) 4.9.3\" \/>\n\t\t<meta property=\"og:locale\" content=\"es_ES\" \/>\n\t\t<meta property=\"og:site_name\" content=\"The Urgent Care | Serving the Southeast Louisiana Community\" \/>\n\t\t<meta property=\"og:type\" content=\"website\" \/>\n\t\t<meta property=\"og:title\" content=\"About Us | The Urgent Care\" \/>\n\t\t<meta property=\"og:description\" content=\"The Urgent Care provides medical services and treatments. The Urgent Care has locations in New Orleans, Metairie, Gretna, Harvey, and LaPlace\" \/>\n\t\t<meta property=\"og:url\" content=\"https:\/\/www.theurgentcare.com\/es\/about-us\/\" \/>\n\t\t<meta property=\"og:image\" content=\"https:\/\/www.theurgentcare.com\/wp-content\/uploads\/2022\/09\/cropped-cropped-297904888_876501940405926_901939659496868985_n.jpg\" \/>\n\t\t<meta property=\"og:image:secure_url\" content=\"https:\/\/www.theurgentcare.com\/wp-content\/uploads\/2022\/09\/cropped-cropped-297904888_876501940405926_901939659496868985_n.jpg\" \/>\n\t\t<meta property=\"og:image:width\" content=\"512\" \/>\n\t\t<meta property=\"og:image:height\" content=\"512\" \/>\n\t\t<script type=\"application\/ld+json\" class=\"aioseo-schema\">\n\t\t\t{\"@context\":\"https:\\\/\\\/schema.org\",\"@graph\":[{\"@type\":\"BreadcrumbList\",\"@id\":\"https:\\\/\\\/www.theurgentcare.com\\\/es\\\/about-us\\\/#breadcrumblist\",\"itemListElement\":[{\"@type\":\"ListItem\",\"@id\":\"https:\\\/\\\/www.theurgentcare.com\\\/es#listItem\",\"position\":1,\"name\":\"Home\",\"item\":\"https:\\\/\\\/www.theurgentcare.com\\\/es\",\"nextItem\":{\"@type\":\"ListItem\",\"@id\":\"https:\\\/\\\/www.theurgentcare.com\\\/es\\\/about-us\\\/#listItem\",\"name\":\"About Us\"}},{\"@type\":\"ListItem\",\"@id\":\"https:\\\/\\\/www.theurgentcare.com\\\/es\\\/about-us\\\/#listItem\",\"position\":2,\"name\":\"About Us\",\"previousItem\":{\"@type\":\"ListItem\",\"@id\":\"https:\\\/\\\/www.theurgentcare.com\\\/es#listItem\",\"name\":\"Home\"}}]},{\"@type\":\"Organization\",\"@id\":\"https:\\\/\\\/www.theurgentcare.com\\\/es\\\/#organization\",\"name\":\"The Urgent Care\",\"description\":\"Serving the Southeast Louisiana Community\",\"url\":\"https:\\\/\\\/www.theurgentcare.com\\\/es\\\/\",\"telephone\":\"+15046352273\",\"logo\":{\"@type\":\"ImageObject\",\"url\":\"https:\\\/\\\/www.theurgentcare.com\\\/wp-content\\\/uploads\\\/2022\\\/12\\\/Untitled-design-1.png\",\"@id\":\"https:\\\/\\\/www.theurgentcare.com\\\/es\\\/about-us\\\/#organizationLogo\",\"width\":406,\"height\":406},\"image\":{\"@id\":\"https:\\\/\\\/www.theurgentcare.com\\\/es\\\/about-us\\\/#organizationLogo\"},\"sameAs\":[\"https:\\\/\\\/www.facebook.com\\\/TheUrgentCare\",\"https:\\\/\\\/www.instagram.com\\\/theurgentcare\\\/\",\"https:\\\/\\\/www.linkedin.com\\\/company\\\/the-urgent-care\\\/\"]},{\"@type\":\"WebPage\",\"@id\":\"https:\\\/\\\/www.theurgentcare.com\\\/es\\\/about-us\\\/#webpage\",\"url\":\"https:\\\/\\\/www.theurgentcare.com\\\/es\\\/about-us\\\/\",\"name\":\"About Us | The Urgent Care\",\"description\":\"The Urgent Care provides medical services and treatments. The Urgent Care has locations in New Orleans, Metairie, Gretna, Harvey, and LaPlace\",\"inLanguage\":\"es-ES\",\"isPartOf\":{\"@id\":\"https:\\\/\\\/www.theurgentcare.com\\\/es\\\/#website\"},\"breadcrumb\":{\"@id\":\"https:\\\/\\\/www.theurgentcare.com\\\/es\\\/about-us\\\/#breadcrumblist\"},\"datePublished\":\"2022-02-25T18:51:38-06:00\",\"dateModified\":\"2025-09-16T11:23:00-05:00\"},{\"@type\":\"WebSite\",\"@id\":\"https:\\\/\\\/www.theurgentcare.com\\\/es\\\/#website\",\"url\":\"https:\\\/\\\/www.theurgentcare.com\\\/es\\\/\",\"name\":\"The Urgent Care |\",\"description\":\"Serving the Southeast Louisiana Community\",\"inLanguage\":\"es-ES\",\"publisher\":{\"@id\":\"https:\\\/\\\/www.theurgentcare.com\\\/es\\\/#organization\"}}]}\n\t\t<\/script>\n\t\t<!-- All in One SEO Pro -->\r\n\t\t<title>About Us | The Urgent Care<\/title>\n\n","aioseo_head_json":{"title":"About Us | The Urgent Care","description":"The Urgent Care provides medical services and treatments. The Urgent Care has locations in New Orleans, Metairie, Gretna, Harvey, and LaPlace","canonical_url":"https:\/\/www.theurgentcare.com\/es\/about-us\/","robots":"max-image-preview:large","keywords":"","webmasterTools":{"miscellaneous":""},"schema":{"@context":"https:\/\/schema.org","@graph":[{"@type":"BreadcrumbList","@id":"https:\/\/www.theurgentcare.com\/es\/about-us\/#breadcrumblist","itemListElement":[{"@type":"ListItem","@id":"https:\/\/www.theurgentcare.com\/es#listItem","position":1,"name":"Home","item":"https:\/\/www.theurgentcare.com\/es","nextItem":{"@type":"ListItem","@id":"https:\/\/www.theurgentcare.com\/es\/about-us\/#listItem","name":"About Us"}},{"@type":"ListItem","@id":"https:\/\/www.theurgentcare.com\/es\/about-us\/#listItem","position":2,"name":"About Us","previousItem":{"@type":"ListItem","@id":"https:\/\/www.theurgentcare.com\/es#listItem","name":"Home"}}]},{"@type":"Organization","@id":"https:\/\/www.theurgentcare.com\/es\/#organization","name":"The Urgent Care","description":"Serving the Southeast Louisiana Community","url":"https:\/\/www.theurgentcare.com\/es\/","telephone":"+15046352273","logo":{"@type":"ImageObject","url":"https:\/\/www.theurgentcare.com\/wp-content\/uploads\/2022\/12\/Untitled-design-1.png","@id":"https:\/\/www.theurgentcare.com\/es\/about-us\/#organizationLogo","width":406,"height":406},"image":{"@id":"https:\/\/www.theurgentcare.com\/es\/about-us\/#organizationLogo"},"sameAs":["https:\/\/www.facebook.com\/TheUrgentCare","https:\/\/www.instagram.com\/theurgentcare\/","https:\/\/www.linkedin.com\/company\/the-urgent-care\/"]},{"@type":"WebPage","@id":"https:\/\/www.theurgentcare.com\/es\/about-us\/#webpage","url":"https:\/\/www.theurgentcare.com\/es\/about-us\/","name":"About Us | The Urgent Care","description":"The Urgent Care provides medical services and treatments. The Urgent Care has locations in New Orleans, Metairie, Gretna, Harvey, and LaPlace","inLanguage":"es-ES","isPartOf":{"@id":"https:\/\/www.theurgentcare.com\/es\/#website"},"breadcrumb":{"@id":"https:\/\/www.theurgentcare.com\/es\/about-us\/#breadcrumblist"},"datePublished":"2022-02-25T18:51:38-06:00","dateModified":"2025-09-16T11:23:00-05:00"},{"@type":"WebSite","@id":"https:\/\/www.theurgentcare.com\/es\/#website","url":"https:\/\/www.theurgentcare.com\/es\/","name":"The Urgent Care |","description":"Serving the Southeast Louisiana Community","inLanguage":"es-ES","publisher":{"@id":"https:\/\/www.theurgentcare.com\/es\/#organization"}}]},"og:locale":"es_ES","og:site_name":"The Urgent Care | Serving the Southeast Louisiana Community","og:type":"website","og:title":"About Us | The Urgent Care","og:description":"The Urgent Care provides medical services and treatments. The Urgent Care has locations in New Orleans, Metairie, Gretna, Harvey, and LaPlace","og:url":"https:\/\/www.theurgentcare.com\/es\/about-us\/","og:image":"https:\/\/www.theurgentcare.com\/wp-content\/uploads\/2022\/09\/cropped-cropped-297904888_876501940405926_901939659496868985_n.jpg","og:image:secure_url":"https:\/\/www.theurgentcare.com\/wp-content\/uploads\/2022\/09\/cropped-cropped-297904888_876501940405926_901939659496868985_n.jpg","og:image:width":512,"og:image:height":512},"aioseo_meta_data":{"post_id":"1913","title":null,"description":"The Urgent Care provides medical services and treatments. The Urgent Care has locations in New Orleans, Metairie, Gretna, Harvey, and LaPlace","keywords":[],"keyphrases":{"focus":{"keyphrase":"","score":0,"analysis":{"keyphraseInTitle":{"score":0,"maxScore":9,"error":1}}},"additional":[]},"primary_term":null,"canonical_url":null,"og_title":null,"og_description":null,"og_object_type":"default","og_image_type":"default","og_image_url":null,"og_image_width":null,"og_image_height":null,"og_image_custom_url":null,"og_image_custom_fields":null,"og_video":"","og_custom_url":null,"og_article_section":null,"og_article_tags":[],"twitter_use_og":false,"twitter_card":"default","twitter_image_type":"default","twitter_image_url":null,"twitter_image_custom_url":null,"twitter_image_custom_fields":null,"twitter_title":null,"twitter_description":null,"schema":{"blockGraphs":[],"customGraphs":[],"default":{"data":{"Article":[],"Course":[],"Dataset":[],"FAQPage":[],"Movie":[],"Person":[],"Product":[],"ProductReview":[],"Car":[],"Recipe":[],"Service":[],"SoftwareApplication":[],"WebPage":{"id":"aioseo-web-page-6361b6de9cb63","slug":"web-page","graphName":"WebPage","label":"Web Page","properties":{"type":"WebPage","name":"","description":""}}},"graphName":"WebPage","isEnabled":true},"graphs":[]},"schema_type":"default","schema_type_options":"{\"article\":{\"articleType\":\"BlogPosting\"},\"course\":{\"name\":\"\",\"description\":\"\",\"provider\":\"\"},\"faq\":{\"pages\":[]},\"product\":{\"reviews\":[]},\"recipe\":{\"ingredients\":[],\"instructions\":[],\"keywords\":[]},\"software\":{\"reviews\":[],\"operatingSystems\":[]},\"webPage\":{\"webPageType\":\"WebPage\"}}","pillar_content":false,"robots_default":true,"robots_noindex":false,"robots_noarchive":false,"robots_nosnippet":false,"robots_nofollow":false,"robots_noimageindex":false,"robots_noodp":false,"robots_notranslate":false,"robots_max_snippet":"-1","robots_max_videopreview":"-1","robots_max_imagepreview":"large","priority":null,"frequency":"default","local_seo":null,"seo_analyzer_scan_date":"2025-12-03 18:31:04","breadcrumb_settings":null,"limit_modified_date":false,"open_ai":"{\"title\":{\"suggestions\":[],\"usage\":0},\"description\":{\"suggestions\":[],\"usage\":0}}","ai":null,"created":"2022-01-21 12:23:36","updated":"2025-12-03 18:31:04"},"aioseo_breadcrumb":"<div class=\"aioseo-breadcrumbs\"><span class=\"aioseo-breadcrumb\">\n\t<a href=\"https:\/\/www.theurgentcare.com\/es\" title=\"Home\">Home<\/a>\n<\/span><span class=\"aioseo-breadcrumb-separator\">&raquo;<\/span><span class=\"aioseo-breadcrumb\">\n\tAbout Us\n<\/span><\/div>","aioseo_breadcrumb_json":[{"label":"Home","link":"https:\/\/www.theurgentcare.com\/es"},{"label":"About Us","link":"https:\/\/www.theurgentcare.com\/es\/about-us\/"}],"_links":{"self":[{"href":"https:\/\/www.theurgentcare.com\/es\/wp-json\/wp\/v2\/pages\/1913","targetHints":{"allow":["GET"]}}],"collection":[{"href":"https:\/\/www.theurgentcare.com\/es\/wp-json\/wp\/v2\/pages"}],"about":[{"href":"https:\/\/www.theurgentcare.com\/es\/wp-json\/wp\/v2\/types\/page"}],"author":[{"embeddable":true,"href":"https:\/\/www.theurgentcare.com\/es\/wp-json\/wp\/v2\/users\/2"}],"replies":[{"embeddable":true,"href":"https:\/\/www.theurgentcare.com\/es\/wp-json\/wp\/v2\/comments?post=1913"}],"version-history":[{"count":20,"href":"https:\/\/www.theurgentcare.com\/es\/wp-json\/wp\/v2\/pages\/1913\/revisions"}],"predecessor-version":[{"id":21997,"href":"https:\/\/www.theurgentcare.com\/es\/wp-json\/wp\/v2\/pages\/1913\/revisions\/21997"}],"wp:attachment":[{"href":"https:\/\/www.theurgentcare.com\/es\/wp-json\/wp\/v2\/media?parent=1913"}],"curies":[{"name":"wp","href":"https:\/\/api.w.org\/{rel}","templated":true}]}}